{"id":1026,"date":"2024-02-13T15:24:12","date_gmt":"2024-02-13T15:24:12","guid":{"rendered":"http:\/\/ceq.local\/sobre-o-circulo\/codigo-de-vestuario\/"},"modified":"2025-02-10T12:50:42","modified_gmt":"2025-02-10T12:50:42","slug":"dress-code","status":"publish","type":"page","link":"https:\/\/circuloecadequeiroz.pt\/en\/about-the-circle\/dress-code\/","title":{"rendered":"Dress code"},"content":{"rendered":"\n<p>In accordance with the tradition and use of the C\u00edrculo E\u00e7a de Queiroz, since its foundation, it is mandatory to wear a coat and tie on the Club&#8217;s premises.<\/p>\n\n\n\n<p>Ties are not required to be worn from the summer solstice (June 21st) until the autumnal equinox (September 23rd), although a coat or blazer is mandatory.<\/p>\n\n\n\n<p>The use of jeans or sneakers will not be accepted.<\/p>\n\n\n\n<p>This exception may be extended to other dates upon a duly considered decision.<\/p>\n\n\n\n<p><\/p>\n\n\n\n<p><\/p>\n","protected":false},"excerpt":{"rendered":"<p>In accordance with the tradition and use of the C\u00edrculo E\u00e7a de Queiroz, since its foundation, it is mandatory to wear a coat and tie on the Club&#8217;s premises. Ties are not required to be worn from the summer solstice (June 21st) until the autumnal equinox (September 23rd), although a coat or blazer is mandatory. [&hellip;]<\/p>\n","protected":false},"author":1,"featured_media":0,"parent":1024,"menu_order":0,"comment_status":"closed","ping_status":"closed","template":"","meta":{"_acf_changed":false,"slim_seo":{"title":"Dress code - C\u00edrculo E\u00e7a de Queiroz","description":"In accordance with the tradition and use of the C\u00edrculo E\u00e7a de Queiroz, since its foundation, it is mandatory to wear a coat and tie on the Club's premises. Tie"},"footnotes":""},"class_list":["post-1026","page","type-page","status-publish","hentry"],"acf":[],"_links":{"self":[{"href":"https:\/\/circuloecadequeiroz.pt\/en\/wp-json\/wp\/v2\/pages\/1026","targetHints":{"allow":["GET"]}}],"collection":[{"href":"https:\/\/circuloecadequeiroz.pt\/en\/wp-json\/wp\/v2\/pages"}],"about":[{"href":"https:\/\/circuloecadequeiroz.pt\/en\/wp-json\/wp\/v2\/types\/page"}],"author":[{"embeddable":true,"href":"https:\/\/circuloecadequeiroz.pt\/en\/wp-json\/wp\/v2\/users\/1"}],"replies":[{"embeddable":true,"href":"https:\/\/circuloecadequeiroz.pt\/en\/wp-json\/wp\/v2\/comments?post=1026"}],"version-history":[{"count":2,"href":"https:\/\/circuloecadequeiroz.pt\/en\/wp-json\/wp\/v2\/pages\/1026\/revisions"}],"predecessor-version":[{"id":1267,"href":"https:\/\/circuloecadequeiroz.pt\/en\/wp-json\/wp\/v2\/pages\/1026\/revisions\/1267"}],"up":[{"embeddable":true,"href":"https:\/\/circuloecadequeiroz.pt\/en\/wp-json\/wp\/v2\/pages\/1024"}],"wp:attachment":[{"href":"https:\/\/circuloecadequeiroz.pt\/en\/wp-json\/wp\/v2\/media?parent=1026"}],"curies":[{"name":"wp","href":"https:\/\/api.w.org\/{rel}","templated":true}]}}