{"id":1027,"date":"2024-02-13T15:36:48","date_gmt":"2024-02-13T15:36:48","guid":{"rendered":"http:\/\/ceq.local\/sobre-o-circulo\/conselho-cultural\/"},"modified":"2025-02-10T12:49:21","modified_gmt":"2025-02-10T12:49:21","slug":"cultural-council","status":"publish","type":"page","link":"https:\/\/circuloecadequeiroz.pt\/en\/about-the-circle\/cultural-council\/","title":{"rendered":"Cultural Council"},"content":{"rendered":"\n<p>On the initiative of a group of Associates, the Cultural Council of C\u00edrculo E\u00e7a de Queiroz was approved by deliberation of the Board in November 2022, so that, in accordance with article 15 of the Statutes, it assists in the pursuit of the cultural mission that, registered in the founding matrix, it is responsible for fulfilling.<\/p>\n\n\n\n<p>The Cultural Council is currently made up of a President &#8211; Ant\u00f3nio Aires Gon\u00e7alves, who has been ensuring the coordination of initiatives and the indispensable functional coordination with the Management &#8211; and four Members &#8211; Francisco Falc\u00e3o Machado, Ant\u00f3nio Paes Agostinho Homem, Fernando Lacerda and Jos\u00e9 Monteiro de Moraes.<\/p>\n\n\n\n<p>Fulfilling the objectives of artistic and cultural animation that it proposed, the Cultural Council has been promoting, on its own and in partnership with institutions of the same nature and vocation, creditors of equal prestige, various cultural activities, at the Circle&#8217;s headquarters and outside them, which have garnered interest and significant participation, all of which have been remarkably successful.<\/p>\n","protected":false},"excerpt":{"rendered":"<p>On the initiative of a group of Associates, the Cultural Council of C\u00edrculo E\u00e7a de Queiroz was approved by deliberation of the Board in November 2022, so that, in accordance with article 15 of the Statutes, it assists in the pursuit of the cultural mission that, registered in the founding matrix, it is responsible for [&hellip;]<\/p>\n","protected":false},"author":1,"featured_media":0,"parent":1024,"menu_order":0,"comment_status":"closed","ping_status":"closed","template":"","meta":{"_acf_changed":false,"slim_seo":{"title":"Cultural Council - C\u00edrculo E\u00e7a de Queiroz","description":"On the initiative of a group of Associates, the Cultural Council of C\u00edrculo E\u00e7a de Queiroz was approved by deliberation of the Board in November 2022, so that,"},"footnotes":""},"class_list":["post-1027","page","type-page","status-publish","hentry"],"acf":[],"_links":{"self":[{"href":"https:\/\/circuloecadequeiroz.pt\/en\/wp-json\/wp\/v2\/pages\/1027","targetHints":{"allow":["GET"]}}],"collection":[{"href":"https:\/\/circuloecadequeiroz.pt\/en\/wp-json\/wp\/v2\/pages"}],"about":[{"href":"https:\/\/circuloecadequeiroz.pt\/en\/wp-json\/wp\/v2\/types\/page"}],"author":[{"embeddable":true,"href":"https:\/\/circuloecadequeiroz.pt\/en\/wp-json\/wp\/v2\/users\/1"}],"replies":[{"embeddable":true,"href":"https:\/\/circuloecadequeiroz.pt\/en\/wp-json\/wp\/v2\/comments?post=1027"}],"version-history":[{"count":3,"href":"https:\/\/circuloecadequeiroz.pt\/en\/wp-json\/wp\/v2\/pages\/1027\/revisions"}],"predecessor-version":[{"id":1263,"href":"https:\/\/circuloecadequeiroz.pt\/en\/wp-json\/wp\/v2\/pages\/1027\/revisions\/1263"}],"up":[{"embeddable":true,"href":"https:\/\/circuloecadequeiroz.pt\/en\/wp-json\/wp\/v2\/pages\/1024"}],"wp:attachment":[{"href":"https:\/\/circuloecadequeiroz.pt\/en\/wp-json\/wp\/v2\/media?parent=1027"}],"curies":[{"name":"wp","href":"https:\/\/api.w.org\/{rel}","templated":true}]}}