{"id":1029,"date":"2023-06-21T01:10:08","date_gmt":"2023-06-21T01:10:08","guid":{"rendered":"http:\/\/ceq.local\/sobre-o-circulo\/fundadores\/"},"modified":"2025-02-10T12:55:02","modified_gmt":"2025-02-10T12:55:02","slug":"founders","status":"publish","type":"page","link":"https:\/\/circuloecadequeiroz.pt\/en\/about-the-circle\/founders\/","title":{"rendered":"Founders"},"content":{"rendered":"\n<div class=\"wp-block-group has-global-padding is-layout-constrained wp-block-group-is-layout-constrained\">\n<p><strong>Summary History and Birth of the C\u00edrculo E\u00e7a de Queiroz<\/strong><\/p>\n\n\n\n<p><strong>[By Jorge Segurado, March 1980]<\/strong><\/p>\n\n\n\n<p>\u201cThe genesis of the C\u00edrculo E\u00e7a de Queiroz association unexpectedly emerged in New York in 1938, although the foundational idea of naming it after the great writer did not occur at that time.<\/p>\n\n\n\n<p>Rather, the inspiration came solely from a country club in the outskirts of that city\u2014an enormous club, exclusively for ladies\u2014surrounded by lawns and a charming landscape, housed in a comfortable and efficient building. A delightful retreat for relaxation and even intellectual gatherings.<\/p>\n\n\n\n<p>It was our friend, Dr. Albino Tavares de Almeida, a physician who frequently visited the United States, who introduced Ant\u00f3nio Ferro, Guilherme Pereira de Carvalho, and myself to a very kind lady, Mrs. Rice, the wife of the President and Director of the Canadian Club in New York.<\/p>\n\n\n\n<p>She was the one who invited us to visit her club outside the city, where we were treated to a splendid lunch\u2014another marvel of civilization. On the way back, in the car, Ant\u00f3nio Ferro, with his restless and fertile inventive spirit, proposed the creation of a similar organization in Lisbon, a gathering place for intellectual and cultural meetings, as well as for the pleasure of social interaction.<\/p>\n\n\n\n<p>It was curious how such an idea arose so unexpectedly on the road, enthusiastically launched by him.<\/p>\n\n\n\n<p>The idea was immediately discussed with great interest, but of the four of us, only Ant\u00f3nio Ferro and I had no doubts in firmly believing in its realization.<\/p>\n\n\n\n<p>Back in Lisbon, many months passed, but the idea remained pure and firm within us.<\/p>\n\n\n\n<p>One evening at the Hotel Palace in Estoril, after dinner with two friends\u2014Ant\u00f3nio Ferro, Jos\u00e9 J\u00falio da Silva Bastos, and myself\u2014while discussing Art and Literature, the idea of a C\u00edrculo naturally resurfaced, a space where intellectual matters could be discussed in an atmosphere of friendly camaraderie.<\/p>\n\n\n\n<p>The enthusiasm reignited, along with an expressed desire to take action, to begin the realization of this vision.<\/p>\n\n\n\n<p>Right then and there, we agreed that the three of us would compile a list of names for the association\u2019s founding.<\/p>\n\n\n\n<p>And so it was. Two days later, the idea was in motion, taking shape.<\/p>\n\n\n\n<p>Invitations were sent, both in writing and by phone, for a first meeting, which was held at Tavares. Several other meetings followed, not only at that restaurant but also at the homes of various members\u2014Dr. Eduardo Pinto da Cunha (Pal\u00e1cio do Conde de Vimioso, in Campo Grande), J\u00falio Cayola in Pedrou\u00e7os, and Dr. Jos\u00e9 Alvellos on Rua do Ata\u00edde.<\/p>\n\n\n\n<p>Meanwhile, we searched for an old country house on the outskirts of the city, but in vain, until we decided to look for one in Lisbon itself, though nothing suitable was found.<\/p>\n\n\n\n<p>One fine day, however, Ant\u00f3nio Lopes Ribeiro discovered a gem\u2014the vacant house of the former Vasques Photography Studio in Chiado, right next to the old \u2018Casino.\u2019<\/p>\n\n\n\n<p>Its owner and our friend, Dr. Em\u00edlio Infante da C\u00e2mara, not only agreed to rent the property but also enthusiastically joined the initiative and, as the landlord, even contributed to the renovation work needed for adaptation.<\/p>\n\n\n\n<p>Enthusiasm surged anew; and I, as an architect, became actively involved, assisted by fellow architect Adelino Nunes.<\/p>\n\n\n\n<p>Hand in hand, we set to work. I drafted the general layout for the initial phase. Provisionally, the entrance and service staircase would serve as access points.<\/p>\n\n\n\n<p>The roof of the building was transformed into a large open-air terrace, where, during the summer, conferences and festivals of Theater and Music were held.<\/p>\n\n\n\n<p>Later, with further renovations, the terrace was replaced by the grand hall, complete with its small stage.<\/p>\n\n\n\n<p>Meanwhile, the association had already been named: \u2018C\u00edrculo E\u00e7a de Queiroz,\u2019 a brilliant suggestion by Ant\u00f3nio Lopes Ribeiro, which was immediately and unanimously approved with much justified enthusiasm.<\/p>\n\n\n\n<p>A celebratory dinner was then held at the Hotel Aviz\u2014the first of its kind\u2014attended by all members and featuring the great poet Maurice Maeterlinck as the guest of honor.<\/p>\n\n\n\n<p>Eventually, the initial phase of renovations was completed. And on November 25, 1940, the C\u00edrculo E\u00e7a de Queiroz was solemnly inaugurated.\u201d<\/p>\n\n\n\n<p>Minutes No. 1, dated December 7, 1940, records the first meeting of the elected board, which had been formed two days earlier with the following members: Ant\u00f3nio Ferro (President), Dr. Jos\u00e9 Alvellos, J\u00falio Cayolla, Ant\u00f3nio Lopes Ribeiro, and Jos\u00e9 da Silva Bastos.<\/p>\n<\/div>\n","protected":false},"excerpt":{"rendered":"<p>Summary History and Birth of the C\u00edrculo E\u00e7a de Queiroz [By Jorge Segurado, March 1980] \u201cThe genesis of the C\u00edrculo E\u00e7a de Queiroz association unexpectedly emerged in New York in 1938, although the foundational idea of naming it after the great writer did not occur at that time. Rather, the inspiration came solely from a [&hellip;]<\/p>\n","protected":false},"author":1,"featured_media":0,"parent":1024,"menu_order":0,"comment_status":"closed","ping_status":"closed","template":"","meta":{"_acf_changed":false,"slim_seo":{"title":"Founders - C\u00edrculo E\u00e7a de Queiroz","description":"Summary History and Birth of the C\u00edrculo E\u00e7a de Queiroz [By Jorge Segurado, March 1980] \u201cThe genesis of the C\u00edrculo E\u00e7a de Queiroz association unexpectedly emer"},"footnotes":""},"class_list":["post-1029","page","type-page","status-publish","hentry"],"acf":[],"_links":{"self":[{"href":"https:\/\/circuloecadequeiroz.pt\/en\/wp-json\/wp\/v2\/pages\/1029","targetHints":{"allow":["GET"]}}],"collection":[{"href":"https:\/\/circuloecadequeiroz.pt\/en\/wp-json\/wp\/v2\/pages"}],"about":[{"href":"https:\/\/circuloecadequeiroz.pt\/en\/wp-json\/wp\/v2\/types\/page"}],"author":[{"embeddable":true,"href":"https:\/\/circuloecadequeiroz.pt\/en\/wp-json\/wp\/v2\/users\/1"}],"replies":[{"embeddable":true,"href":"https:\/\/circuloecadequeiroz.pt\/en\/wp-json\/wp\/v2\/comments?post=1029"}],"version-history":[{"count":2,"href":"https:\/\/circuloecadequeiroz.pt\/en\/wp-json\/wp\/v2\/pages\/1029\/revisions"}],"predecessor-version":[{"id":1269,"href":"https:\/\/circuloecadequeiroz.pt\/en\/wp-json\/wp\/v2\/pages\/1029\/revisions\/1269"}],"up":[{"embeddable":true,"href":"https:\/\/circuloecadequeiroz.pt\/en\/wp-json\/wp\/v2\/pages\/1024"}],"wp:attachment":[{"href":"https:\/\/circuloecadequeiroz.pt\/en\/wp-json\/wp\/v2\/media?parent=1029"}],"curies":[{"name":"wp","href":"https:\/\/api.w.org\/{rel}","templated":true}]}}