{"id":1030,"date":"2024-02-13T15:43:37","date_gmt":"2024-02-13T15:43:37","guid":{"rendered":"http:\/\/ceq.local\/sobre-o-circulo\/lista-de-associados\/"},"modified":"2024-09-18T22:17:23","modified_gmt":"2024-09-18T21:17:23","slug":"list-of-members","status":"publish","type":"page","link":"https:\/\/circuloecadequeiroz.pt\/en\/about-the-circle\/list-of-members\/","title":{"rendered":"List of Members"},"content":{"rendered":"\n\n\n<div class=\"wp-block-group has-global-padding is-layout-constrained wp-container-core-group-is-layout-0747478d wp-block-group-is-layout-constrained\" style=\"padding-top:var(--wp--preset--spacing--50);padding-right:var(--wp--preset--spacing--50);padding-bottom:var(--wp--preset--spacing--50);padding-left:var(--wp--preset--spacing--50)\">\n<figure class=\"wp-block-image aligncenter size-large\"><img loading=\"lazy\" decoding=\"async\" width=\"200\" height=\"177\" src=\"https:\/\/circuloecadequeiroz.pt\/wp-content\/uploads\/2024\/02\/warning.svg\" alt=\"\" class=\"wp-image-878\"\/><\/figure>\n\n\n\n<h2 class=\"wp-block-heading has-text-align-center has-text-color has-link-color wp-elements-0c3f0e7da381be875bafef1a75913464\" style=\"color:#c0392b;margin-top:var(--wp--preset--spacing--30);margin-bottom:var(--wp--preset--spacing--50);font-size:clamp(0.929rem, 0.929rem + ((1vw - 0.2rem) * 0.876), 1.4rem);\">N\u00e3o tem permiss\u00f5es para aceder a esta p\u00e1gina.<\/h2>\n\n\n\n<div class=\"wp-block-buttons is-content-justification-center is-layout-flex wp-container-core-buttons-is-layout-7878cfa4 wp-block-buttons-is-layout-flex\">\n<div class=\"wp-block-button is-style-fill\"><a class=\"wp-block-button__link has-base-color has-dark-grey-background-color has-text-color has-background has-link-color has-text-align-left wp-element-button\" href=\"https:\/\/circuloecadequeiroz.pt\/\">In\u00edcio<\/a><\/div>\n\n\n\n<div class=\"wp-block-button\"><a class=\"wp-block-button__link has-base-color has-secondary-background-color has-text-color has-background has-link-color wp-element-button\" href=\"\/wp-login.php\">Login<\/a><\/div>\n<\/div>\n<\/div>\n","protected":false},"excerpt":{"rendered":"<p>Duis dapibus erat velit, quis convallis nisi pulvinar sed. Sed pretium tristique ante, eu aliquet lacus venenatis ut. Donec vestibulum aliquet mauris sed tristique.<\/p>\n","protected":false},"author":1,"featured_media":0,"parent":1024,"menu_order":0,"comment_status":"closed","ping_status":"closed","template":"","meta":{"_acf_changed":false,"slim_seo":{"title":"List of Members - C\u00edrculo E\u00e7a de Queiroz","description":""},"footnotes":""},"class_list":["post-1030","page","type-page","status-publish","hentry"],"acf":[],"_links":{"self":[{"href":"https:\/\/circuloecadequeiroz.pt\/en\/wp-json\/wp\/v2\/pages\/1030","targetHints":{"allow":["GET"]}}],"collection":[{"href":"https:\/\/circuloecadequeiroz.pt\/en\/wp-json\/wp\/v2\/pages"}],"about":[{"href":"https:\/\/circuloecadequeiroz.pt\/en\/wp-json\/wp\/v2\/types\/page"}],"author":[{"embeddable":true,"href":"https:\/\/circuloecadequeiroz.pt\/en\/wp-json\/wp\/v2\/users\/1"}],"replies":[{"embeddable":true,"href":"https:\/\/circuloecadequeiroz.pt\/en\/wp-json\/wp\/v2\/comments?post=1030"}],"version-history":[{"count":1,"href":"https:\/\/circuloecadequeiroz.pt\/en\/wp-json\/wp\/v2\/pages\/1030\/revisions"}],"predecessor-version":[{"id":1042,"href":"https:\/\/circuloecadequeiroz.pt\/en\/wp-json\/wp\/v2\/pages\/1030\/revisions\/1042"}],"up":[{"embeddable":true,"href":"https:\/\/circuloecadequeiroz.pt\/en\/wp-json\/wp\/v2\/pages\/1024"}],"wp:attachment":[{"href":"https:\/\/circuloecadequeiroz.pt\/en\/wp-json\/wp\/v2\/media?parent=1030"}],"curies":[{"name":"wp","href":"https:\/\/api.w.org\/{rel}","templated":true}]}}